{"id":1127,"date":"2025-07-22T14:11:55","date_gmt":"2025-07-22T14:11:55","guid":{"rendered":"https:\/\/iap-salcher.at\/wordpress\/?page_id=1127"},"modified":"2025-08-06T15:19:14","modified_gmt":"2025-08-06T15:19:14","slug":"schutzfolienaufbringung","status":"publish","type":"page","link":"https:\/\/iap-salcher.at\/index.php\/schutzfolienaufbringung\/","title":{"rendered":"Schutzfolienaufbringung"},"content":{"rendered":"<p>[et_pb_section fb_built=&#8220;1&#8243; _builder_version=&#8220;4.27.4&#8243; _module_preset=&#8220;default&#8220; background_enable_color=&#8220;off&#8220; background_image=&#8220;https:\/\/iap-salcher.at\/wordpress\/wp-content\/uploads\/2025\/07\/architecture-4421992_1920.jpg&#8220; custom_padding=&#8220;5px||5px||false|false&#8220; global_colors_info=&#8220;{}&#8220;][et_pb_row _builder_version=&#8220;4.27.2&#8243; _module_preset=&#8220;default&#8220; background_enable_color=&#8220;off&#8220; background_image=&#8220;https:\/\/iap-salcher.at\/wordpress\/wp-content\/uploads\/2025\/07\/tes2-4.png&#8220; min_height=&#8220;994px&#8220; custom_margin=&#8220;15px|auto|15px|auto|false|false&#8220; custom_padding=&#8220;32px|30px||30px|false|false&#8220; animation_style=&#8220;fade&#8220; border_radii=&#8220;on|15px|15px|15px|15px&#8220; border_width_all=&#8220;1px&#8220; border_color_all=&#8220;#000000&#8243; global_colors_info=&#8220;{}&#8220;][et_pb_column type=&#8220;4_4&#8243; _builder_version=&#8220;4.27.2&#8243; _module_preset=&#8220;default&#8220; global_colors_info=&#8220;{}&#8220;][et_pb_text _builder_version=&#8220;4.27.2&#8243; _module_preset=&#8220;default&#8220; text_text_color=&#8220;#FFFFFF&#8220; header_text_color=&#8220;#FFFFFF&#8220; background_enable_color=&#8220;off&#8220; text_orientation=&#8220;center&#8220; custom_padding=&#8220;10px||0px||false|false&#8220; border_color_all=&#8220;#FFFFFF&#8220; border_width_top=&#8220;2px&#8220; border_width_bottom=&#8220;2px&#8220; global_colors_info=&#8220;{}&#8220;]<\/p>\n<h2><span style=\"color: #ffffff;\"><strong>Schutzfolienaufbringung<\/strong><\/span><\/h2>\n<p>[\/et_pb_text][et_pb_text _builder_version=&#8220;4.27.2&#8243; _module_preset=&#8220;default&#8220; global_colors_info=&#8220;{}&#8220;]<\/p>\n<p><span style=\"color: #ffffff;\"><strong>Prozessbeschreibung:<\/strong><\/span><\/p>\n<p><span style=\"color: #ffffff;\">Eine Schutzfolie, Anlieferung erfolgt in Rollen, wird wechselweise in daf\u00fcr vorbereiteten Abwickler-Einrichtungen manuell eingelegt und f\u00fcr die Abwicklung vorbereitet.<\/span><\/p>\n<p><span style=\"color: #ffffff;\">Nach Rollenende des laufenden Abwicklers stoppt dieser und ein vollautomatisches Verkleben der Folien und Rollenwechsel auf den vorbereiteten Abwickler finden mittels Ansteuerung von Pneumatik-Zylindern statt.<\/span><\/p>\n<p><span style=\"color: #ffffff;\">Eine Bahnkantensteuerung sorgt w\u00e4hrend des gesamten Abwickelvorgangs f\u00fcr ein zentriertes Abwickeln der Schutzfolie. Die Geschwindigkeit des Abwickelvorganges ist einerseits von der Produktionsgeschwindigkeit und andererseits vom F\u00fcllstand des Speichers und vom Rollendurchmesser abh\u00e4ngig.<\/span><\/p>\n<p><span style=\"color: #ffffff;\">Die Entnahme des Speichers erfolgt \u00fcber einen Drehmomente geregelten Antrieb. \u00dcber eine weitere Bahnkantensteuerung wird schlie\u00dflich die Schutzfolie auf ein beschichtetes ALU-Band faltenfrei zentriert aufgebracht.<\/span><\/p>\n<p><span style=\"color: #ffffff;\">Die sanfte Regelung wurde in der S7 Steuerung realisiert und mittels LENZE Antriebstechnik auf die Mechanik umgelegt.<\/span><\/p>\n<p><span style=\"color: #ffffff;\">\u00a0<\/span><\/p>\n<p><span style=\"color: #ffffff;\"><strong>Reglerinfo:<\/strong><\/span><\/p>\n<p><span style=\"color: #ffffff;\">Wickelmotoren geregelt auf Bahnzug und Rollendurchmesser.<\/span><\/p>\n<p><span style=\"color: #ffffff;\">Bahnzug und Geschwindigkeiten sind variabel in Abh\u00e4ngigkeit der Maschinengeschwindigkeit.<\/span><\/p>\n<p><span style=\"color: #ffffff;\">\u00a0<\/span><\/p>\n<p><span style=\"color: #ffffff;\"><strong>Steuerung und HMI:<\/strong><\/span><\/p>\n<p><span style=\"color: #ffffff;\">Die Steuerungsebene wurde mit einer Siemens Simatic S7-300 CPU realisiert.<\/span><\/p>\n<p><span style=\"color: #ffffff;\">Als HMI f\u00fcr umfangreiche Parametereinstellungen wurde ein Siemens 17\u201c Touchpanel verwendet.<\/span><\/p>\n<p><span style=\"color: #ffffff;\">\u00a0<\/span><\/p>\n<p><span style=\"color: #ffffff;\"><strong>T\u00e4tigkeiten:<\/strong><\/span><\/p>\n<p><span style=\"color: #ffffff;\">Erfassen der Gesamtfunktionalit\u00e4t, da die Beschreibungen der Anlage nicht vollst\u00e4ndig vorhanden waren.<\/span><\/p>\n<p><span style=\"color: #ffffff;\">Bereitgestelltes Programm an die Maschinenfunktion angepasst.<\/span><\/p>\n<p><span style=\"color: #ffffff;\">Regelungs- und Ablaufkonzept der Kunden-Prozessanforderung angepasst bzw. ge\u00e4ndert.<\/span><\/p>\n<p><span style=\"color: #ffffff;\">Optimierung der Antriebe und des Regelverhaltens anhand physikalischer Gegebenheiten.<\/span><\/p>\n<p><span style=\"color: #ffffff;\">* aus Gr\u00fcnden des Datenschutzes verwenden wir zu diesem Projekt kein Originalbild<\/span><\/p>\n<p>&nbsp;<\/p>\n<ul><\/ul>\n<p>[\/et_pb_text][et_pb_image src=&#8220;https:\/\/iap-salcher.at\/wordpress\/wp-content\/uploads\/2025\/07\/Schutzfolienaufbringung_Alamy_small-1.jpg&#8220; title_text=&#8220;Rolls of printed plastic film in food packaging printing factory&#8220; _builder_version=&#8220;4.27.4&#8243; _module_preset=&#8220;default&#8220; hover_enabled=&#8220;0&#8243; global_colors_info=&#8220;{}&#8220; align=&#8220;center&#8220; sticky_enabled=&#8220;0&#8243;][\/et_pb_image][et_pb_button button_url=&#8220;mailto:office@ias-salcher.at&#8220; button_text=&#8220;Mehr Erfahren&#8220; button_alignment=&#8220;center&#8220; _builder_version=&#8220;4.27.2&#8243; _module_preset=&#8220;default&#8220; custom_button=&#8220;on&#8220; button_text_color=&#8220;#FFFFFF&#8220; button_border_radius=&#8220;11px&#8220; background_layout=&#8220;dark&#8220; global_colors_info=&#8220;{}&#8220;][\/et_pb_button][\/et_pb_column][\/et_pb_row][\/et_pb_section]<\/p>\n","protected":false},"excerpt":{"rendered":"<p>SchutzfolienaufbringungProzessbeschreibung: Eine Schutzfolie, Anlieferung erfolgt in Rollen, wird wechselweise in daf\u00fcr vorbereiteten Abwickler-Einrichtungen manuell eingelegt und f\u00fcr die Abwicklung vorbereitet. Nach Rollenende des laufenden Abwicklers stoppt dieser und ein vollautomatisches Verkleben der Folien und Rollenwechsel auf den vorbereiteten Abwickler finden mittels Ansteuerung von Pneumatik-Zylindern statt. Eine Bahnkantensteuerung sorgt w\u00e4hrend des gesamten Abwickelvorgangs f\u00fcr ein zentriertes [&hellip;]<\/p>\n","protected":false},"author":2,"featured_media":0,"parent":0,"menu_order":0,"comment_status":"closed","ping_status":"closed","template":"","meta":{"_et_pb_use_builder":"on","_et_pb_old_content":"","_et_gb_content_width":"","footnotes":""},"class_list":["post-1127","page","type-page","status-publish","hentry"],"_links":{"self":[{"href":"https:\/\/iap-salcher.at\/index.php\/wp-json\/wp\/v2\/pages\/1127","targetHints":{"allow":["GET"]}}],"collection":[{"href":"https:\/\/iap-salcher.at\/index.php\/wp-json\/wp\/v2\/pages"}],"about":[{"href":"https:\/\/iap-salcher.at\/index.php\/wp-json\/wp\/v2\/types\/page"}],"author":[{"embeddable":true,"href":"https:\/\/iap-salcher.at\/index.php\/wp-json\/wp\/v2\/users\/2"}],"replies":[{"embeddable":true,"href":"https:\/\/iap-salcher.at\/index.php\/wp-json\/wp\/v2\/comments?post=1127"}],"version-history":[{"count":4,"href":"https:\/\/iap-salcher.at\/index.php\/wp-json\/wp\/v2\/pages\/1127\/revisions"}],"predecessor-version":[{"id":1216,"href":"https:\/\/iap-salcher.at\/index.php\/wp-json\/wp\/v2\/pages\/1127\/revisions\/1216"}],"wp:attachment":[{"href":"https:\/\/iap-salcher.at\/index.php\/wp-json\/wp\/v2\/media?parent=1127"}],"curies":[{"name":"wp","href":"https:\/\/api.w.org\/{rel}","templated":true}]}}