{"id":1124,"date":"2025-07-22T14:10:36","date_gmt":"2025-07-22T14:10:36","guid":{"rendered":"https:\/\/iap-salcher.at\/wordpress\/?page_id=1124"},"modified":"2025-08-06T15:18:36","modified_gmt":"2025-08-06T15:18:36","slug":"praegeanlage","status":"publish","type":"page","link":"https:\/\/iap-salcher.at\/index.php\/praegeanlage\/","title":{"rendered":"Pr\u00e4geanlage"},"content":{"rendered":"<p>[et_pb_section fb_built=&#8220;1&#8243; _builder_version=&#8220;4.27.4&#8243; _module_preset=&#8220;default&#8220; background_enable_color=&#8220;off&#8220; background_image=&#8220;https:\/\/iap-salcher.at\/wordpress\/wp-content\/uploads\/2025\/07\/architecture-4421992_1920.jpg&#8220; custom_padding=&#8220;5px||5px||false|false&#8220; global_colors_info=&#8220;{}&#8220;][et_pb_row _builder_version=&#8220;4.27.2&#8243; _module_preset=&#8220;default&#8220; background_enable_color=&#8220;off&#8220; background_image=&#8220;https:\/\/iap-salcher.at\/wordpress\/wp-content\/uploads\/2025\/07\/tes2-4.png&#8220; min_height=&#8220;994px&#8220; custom_margin=&#8220;15px|auto|15px|auto|false|false&#8220; custom_padding=&#8220;32px|30px||30px|false|false&#8220; animation_style=&#8220;fade&#8220; border_radii=&#8220;on|15px|15px|15px|15px&#8220; border_width_all=&#8220;1px&#8220; border_color_all=&#8220;#000000&#8243; global_colors_info=&#8220;{}&#8220;][et_pb_column type=&#8220;4_4&#8243; _builder_version=&#8220;4.27.2&#8243; _module_preset=&#8220;default&#8220; global_colors_info=&#8220;{}&#8220;][et_pb_text _builder_version=&#8220;4.27.2&#8243; _module_preset=&#8220;default&#8220; text_text_color=&#8220;#FFFFFF&#8220; header_text_color=&#8220;#FFFFFF&#8220; background_enable_color=&#8220;off&#8220; text_orientation=&#8220;center&#8220; custom_padding=&#8220;10px||0px||false|false&#8220; border_color_all=&#8220;#FFFFFF&#8220; border_width_top=&#8220;2px&#8220; border_width_bottom=&#8220;2px&#8220; global_colors_info=&#8220;{}&#8220;]<\/p>\n<h2><span style=\"color: #ffffff;\"><strong>Pr\u00e4geanlage f\u00fcr Karosserie<\/strong><\/span><\/h2>\n<p>[\/et_pb_text][et_pb_text _builder_version=&#8220;4.27.2&#8243; _module_preset=&#8220;default&#8220; global_colors_info=&#8220;{}&#8220;]<\/p>\n<p><span style=\"color: #ffffff;\"><strong>Prozessbeschreibung:<\/strong><\/span><\/p>\n<p><span style=\"color: #ffffff;\">\u00dcber eine Transport- und Hebevorrichtung wird eine Karosserie in Position gebracht.<\/span><\/p>\n<p><span style=\"color: #ffffff;\">Nach Erhalt und Pr\u00fcfung der Daten werden Steuerbefehle von einem PC zur SPS \u00fcbertragen. Pneumatikbetriebene Zylinder bewegen die Pr\u00e4gevorrichtung zur Karosserie, wo der Pr\u00e4geablauf stattfindet.<\/span><\/p>\n<p><span style=\"color: #ffffff;\">Umfassende Schutzvorrichtungen wurden mit einer Sicherheits-SPS von Siemens umgesetzt.<\/span><\/p>\n<p><span style=\"color: #ffffff;\">Besonderes Augenmerk gilt der Erf\u00fcllung der geforderten Taktzeit.<\/span><\/p>\n<p><span style=\"color: #ffffff;\">Eine umfassende Fehler- und Systemanalyse erm\u00f6glicht eine l\u00fcckenlose Produktionsverfolgung<\/span><\/p>\n<p><span style=\"color: #ffffff;\">\u00a0<\/span><\/p>\n<p><span style=\"color: #ffffff;\"><strong>Automatisierung und HMI:<\/strong><\/span><\/p>\n<p><span style=\"color: #ffffff;\">Die Steuerungsebene wurde mit einer S7-200SP CPU auf STEP 7 realisiert. Als HMI (TIA) f\u00fcr umfangreiche Parametereinstellungen findet ein Siemens 17\u201c Touchpanel Verwendung.<\/span><\/p>\n<p><span style=\"color: #ffffff;\">\u00a0<\/span><\/p>\n<p><span style=\"color: #ffffff;\"><strong>T\u00e4tigkeiten:<\/strong><\/span><\/p>\n<p><span style=\"color: #ffffff;\">Erfassen der Gesamtfunktionalit\u00e4t, da die Beschreibungen der Anlage nicht vollst\u00e4ndig vorhanden waren.<\/span><\/p>\n<p><span style=\"color: #ffffff;\">Erstellen des Programmes und Anpassung an die Maschinenfunktion.<\/span><\/p>\n<p><span style=\"color: #ffffff;\">Ablaufkonzept der Kunden-Prozessanforderung angepasst bzw. ge\u00e4ndert.<\/span><\/p>\n<p><span style=\"color: #ffffff;\">Taktzeitoptimierung der pneumatischen Antriebe anhand physikalischer Gegebenheiten.<\/span><\/p>\n<p><span style=\"color: #ffffff;\">* aus Gr\u00fcnden des Datenschutzes verwenden wir zu diesem Projekt kein Originalbild<\/span><\/p>\n<p><span style=\"color: #ffffff;\">\u00a0<\/span><\/p>\n<ul><\/ul>\n<p>[\/et_pb_text][et_pb_image src=&#8220;https:\/\/iap-salcher.at\/wordpress\/wp-content\/uploads\/2025\/07\/Praegeanlage_Alamy_small-1.jpg&#8220; title_text=&#8220;Robotics spot welding at Saab Plant in Sweden&#8220; _builder_version=&#8220;4.27.4&#8243; _module_preset=&#8220;default&#8220; hover_enabled=&#8220;0&#8243; global_colors_info=&#8220;{}&#8220; align=&#8220;center&#8220; sticky_enabled=&#8220;0&#8243;][\/et_pb_image][et_pb_button button_url=&#8220;mailto:office@ias-salcher.at&#8220; button_text=&#8220;Mehr Erfahren&#8220; button_alignment=&#8220;center&#8220; _builder_version=&#8220;4.27.2&#8243; _module_preset=&#8220;default&#8220; custom_button=&#8220;on&#8220; button_text_color=&#8220;#FFFFFF&#8220; button_border_radius=&#8220;11px&#8220; background_layout=&#8220;dark&#8220; global_colors_info=&#8220;{}&#8220;][\/et_pb_button][\/et_pb_column][\/et_pb_row][\/et_pb_section]<\/p>\n","protected":false},"excerpt":{"rendered":"<p>Pr\u00e4geanlage f\u00fcr KarosserieProzessbeschreibung: \u00dcber eine Transport- und Hebevorrichtung wird eine Karosserie in Position gebracht. Nach Erhalt und Pr\u00fcfung der Daten werden Steuerbefehle von einem PC zur SPS \u00fcbertragen. Pneumatikbetriebene Zylinder bewegen die Pr\u00e4gevorrichtung zur Karosserie, wo der Pr\u00e4geablauf stattfindet. Umfassende Schutzvorrichtungen wurden mit einer Sicherheits-SPS von Siemens umgesetzt. Besonderes Augenmerk gilt der Erf\u00fcllung der geforderten [&hellip;]<\/p>\n","protected":false},"author":2,"featured_media":0,"parent":0,"menu_order":0,"comment_status":"closed","ping_status":"closed","template":"","meta":{"_et_pb_use_builder":"on","_et_pb_old_content":"","_et_gb_content_width":"","footnotes":""},"class_list":["post-1124","page","type-page","status-publish","hentry"],"_links":{"self":[{"href":"https:\/\/iap-salcher.at\/index.php\/wp-json\/wp\/v2\/pages\/1124","targetHints":{"allow":["GET"]}}],"collection":[{"href":"https:\/\/iap-salcher.at\/index.php\/wp-json\/wp\/v2\/pages"}],"about":[{"href":"https:\/\/iap-salcher.at\/index.php\/wp-json\/wp\/v2\/types\/page"}],"author":[{"embeddable":true,"href":"https:\/\/iap-salcher.at\/index.php\/wp-json\/wp\/v2\/users\/2"}],"replies":[{"embeddable":true,"href":"https:\/\/iap-salcher.at\/index.php\/wp-json\/wp\/v2\/comments?post=1124"}],"version-history":[{"count":5,"href":"https:\/\/iap-salcher.at\/index.php\/wp-json\/wp\/v2\/pages\/1124\/revisions"}],"predecessor-version":[{"id":1215,"href":"https:\/\/iap-salcher.at\/index.php\/wp-json\/wp\/v2\/pages\/1124\/revisions\/1215"}],"wp:attachment":[{"href":"https:\/\/iap-salcher.at\/index.php\/wp-json\/wp\/v2\/media?parent=1124"}],"curies":[{"name":"wp","href":"https:\/\/api.w.org\/{rel}","templated":true}]}}