{"id":1120,"date":"2025-07-22T14:09:45","date_gmt":"2025-07-22T14:09:45","guid":{"rendered":"https:\/\/iap-salcher.at\/wordpress\/?page_id=1120"},"modified":"2025-07-22T14:29:14","modified_gmt":"2025-07-22T14:29:14","slug":"papiermaschine-coaterumbau","status":"publish","type":"page","link":"https:\/\/iap-salcher.at\/index.php\/papiermaschine-coaterumbau\/","title":{"rendered":"Papiermaschine Coaterumbau"},"content":{"rendered":"<p>[et_pb_section fb_built=&#8220;1&#8243; _builder_version=&#8220;4.27.4&#8243; _module_preset=&#8220;default&#8220; background_enable_color=&#8220;off&#8220; background_image=&#8220;https:\/\/iap-salcher.at\/wordpress\/wp-content\/uploads\/2025\/07\/architecture-4421992_1920.jpg&#8220; custom_padding=&#8220;5px||5px||false|false&#8220; hover_enabled=&#8220;0&#8243; global_colors_info=&#8220;{}&#8220; title_text=&#8220;architecture-4421992_1920&#8243; sticky_enabled=&#8220;0&#8243;][et_pb_row _builder_version=&#8220;4.27.2&#8243; _module_preset=&#8220;default&#8220; background_enable_color=&#8220;off&#8220; background_image=&#8220;https:\/\/iap-salcher.at\/wordpress\/wp-content\/uploads\/2025\/07\/tes2-4.png&#8220; min_height=&#8220;994px&#8220; custom_margin=&#8220;15px|auto|15px|auto|false|false&#8220; custom_padding=&#8220;32px|30px||30px|false|false&#8220; animation_style=&#8220;fade&#8220; border_radii=&#8220;on|15px|15px|15px|15px&#8220; border_width_all=&#8220;1px&#8220; border_color_all=&#8220;#000000&#8243; global_colors_info=&#8220;{}&#8220;][et_pb_column type=&#8220;4_4&#8243; _builder_version=&#8220;4.27.2&#8243; _module_preset=&#8220;default&#8220; global_colors_info=&#8220;{}&#8220;][et_pb_text _builder_version=&#8220;4.27.2&#8243; _module_preset=&#8220;default&#8220; text_text_color=&#8220;#FFFFFF&#8220; header_text_color=&#8220;#FFFFFF&#8220; background_enable_color=&#8220;off&#8220; text_orientation=&#8220;center&#8220; custom_padding=&#8220;10px||6px||false|false&#8220; border_color_all=&#8220;#FFFFFF&#8220; border_width_top=&#8220;2px&#8220; border_width_bottom=&#8220;2px&#8220; global_colors_info=&#8220;{}&#8220;]<\/p>\n<h2><span style=\"color: #ffffff;\">Papiermaschine mit Online Coater: Umbau Streichwerke<\/span><\/h2>\n<p>[\/et_pb_text][et_pb_text _builder_version=&#8220;4.27.2&#8243; _module_preset=&#8220;default&#8220; global_colors_info=&#8220;{}&#8220;]<\/p>\n<h3><span style=\"color: #ffffff;\">Projektbeschreibung:<\/span><\/h3>\n<p><span style=\"color: #ffffff;\">\u2028\u2028Das bestehende Walzenauftragsverfahren wird in ein D\u00fcsenauftragsverfahren umgebaut. Dabei werden die Auftragswalzen entfernt und mit D\u00fcsenbalken ersetzt. F\u00fcr die reibungslose Integration der neuen D\u00fcsenbalken in die bestehende Maschine wurde auf eine sorgf\u00e4ltige Vorortaufnahme in allen Fachbereichen gr\u00f6\u00dfter Wert gelegt. Der gesamte Umbau wurde beginnend mit allen baulichen T\u00e4tigkeiten bis zur Optimierung des Leitsystems in einer Woche durchgezogen.<\/span><\/p>\n<h3><span style=\"color: #ffffff;\">IAS-Projekt:<\/span><\/h3>\n<ul>\n<li><span style=\"color: #ffffff;\">Vorortaufnahme im Bereich DCS<\/span>\n<\/li>\n<li><span style=\"color: #ffffff;\">MSRT<\/span>\n<\/li>\n<li><span style=\"color: #ffffff;\">Elektrotechnik<\/span>\n<\/li>\n<li><span style=\"color: #ffffff;\">MRT-Planung<\/span>\n<\/li>\n<li><span style=\"color: #ffffff;\">\u00dcberwachung der Montage<\/span>\n<\/li>\n<li><span style=\"color: #ffffff;\">Abkl\u00e4ren der Funktionen mit Metso<\/span>\n<\/li>\n<li><span style=\"color: #ffffff;\">Erstellen der Applikation am DCS Alcont (Honeywell)<\/span>\n<\/li>\n<li><span style=\"color: #ffffff;\">IBN und Anbindung an die bestehende Steuerung<\/span>\n<\/li>\n<li><span style=\"color: #ffffff;\">Schulung des Kundenpersonals<\/span><\/li>\n<\/ul>\n<ul><\/ul>\n<p><span style=\"color: #ffffff;\">\u00a0<\/span><\/p>\n<ul><\/ul>\n<p>[\/et_pb_text][et_pb_image src=&#8220;https:\/\/iap-salcher.at\/wordpress\/wp-content\/uploads\/2025\/07\/Papiermaschine-1.jpg&#8220; title_text=&#8220;Papiermaschine&#8220; align=&#8220;center&#8220; _builder_version=&#8220;4.27.2&#8243; _module_preset=&#8220;default&#8220; global_colors_info=&#8220;{}&#8220;][\/et_pb_image][et_pb_button button_url=&#8220;mailto:office@ias-salcher.at&#8220; button_text=&#8220;Mehr Erfahren&#8220; button_alignment=&#8220;center&#8220; _builder_version=&#8220;4.27.2&#8243; _module_preset=&#8220;default&#8220; custom_button=&#8220;on&#8220; button_text_color=&#8220;#FFFFFF&#8220; button_border_radius=&#8220;11px&#8220; background_layout=&#8220;dark&#8220; global_colors_info=&#8220;{}&#8220;][\/et_pb_button][\/et_pb_column][\/et_pb_row][\/et_pb_section]<\/p>\n","protected":false},"excerpt":{"rendered":"<p>Papiermaschine mit Online Coater: Umbau StreichwerkeProjektbeschreibung: \u2028\u2028Das bestehende Walzenauftragsverfahren wird in ein D\u00fcsenauftragsverfahren umgebaut. Dabei werden die Auftragswalzen entfernt und mit D\u00fcsenbalken ersetzt. F\u00fcr die reibungslose Integration der neuen D\u00fcsenbalken in die bestehende Maschine wurde auf eine sorgf\u00e4ltige Vorortaufnahme in allen Fachbereichen gr\u00f6\u00dfter Wert gelegt. Der gesamte Umbau wurde beginnend mit allen baulichen T\u00e4tigkeiten bis [&hellip;]<\/p>\n","protected":false},"author":2,"featured_media":0,"parent":0,"menu_order":0,"comment_status":"closed","ping_status":"closed","template":"","meta":{"_et_pb_use_builder":"on","_et_pb_old_content":"","_et_gb_content_width":"","footnotes":""},"class_list":["post-1120","page","type-page","status-publish","hentry"],"_links":{"self":[{"href":"https:\/\/iap-salcher.at\/index.php\/wp-json\/wp\/v2\/pages\/1120","targetHints":{"allow":["GET"]}}],"collection":[{"href":"https:\/\/iap-salcher.at\/index.php\/wp-json\/wp\/v2\/pages"}],"about":[{"href":"https:\/\/iap-salcher.at\/index.php\/wp-json\/wp\/v2\/types\/page"}],"author":[{"embeddable":true,"href":"https:\/\/iap-salcher.at\/index.php\/wp-json\/wp\/v2\/users\/2"}],"replies":[{"embeddable":true,"href":"https:\/\/iap-salcher.at\/index.php\/wp-json\/wp\/v2\/comments?post=1120"}],"version-history":[{"count":3,"href":"https:\/\/iap-salcher.at\/index.php\/wp-json\/wp\/v2\/pages\/1120\/revisions"}],"predecessor-version":[{"id":1151,"href":"https:\/\/iap-salcher.at\/index.php\/wp-json\/wp\/v2\/pages\/1120\/revisions\/1151"}],"wp:attachment":[{"href":"https:\/\/iap-salcher.at\/index.php\/wp-json\/wp\/v2\/media?parent=1120"}],"curies":[{"name":"wp","href":"https:\/\/api.w.org\/{rel}","templated":true}]}}