{"id":1095,"date":"2025-07-21T15:57:01","date_gmt":"2025-07-21T15:57:01","guid":{"rendered":"https:\/\/iap-salcher.at\/wordpress\/?page_id=1095"},"modified":"2025-07-22T14:23:37","modified_gmt":"2025-07-22T14:23:37","slug":"1095-2","status":"publish","type":"page","link":"https:\/\/iap-salcher.at\/index.php\/1095-2\/","title":{"rendered":"Automobilindustrie_ Adapterdemontage"},"content":{"rendered":"<p>[et_pb_section fb_built=&#8220;1&#8243; _builder_version=&#8220;4.27.4&#8243; _module_preset=&#8220;default&#8220; background_enable_color=&#8220;off&#8220; background_image=&#8220;https:\/\/iap-salcher.at\/wordpress\/wp-content\/uploads\/2025\/07\/architecture-4421992_1920.jpg&#8220; custom_padding=&#8220;5px||5px||false|false&#8220; hover_enabled=&#8220;0&#8243; global_colors_info=&#8220;{}&#8220; title_text=&#8220;architecture-4421992_1920&#8243; sticky_enabled=&#8220;0&#8243;][et_pb_row _builder_version=&#8220;4.27.2&#8243; _module_preset=&#8220;default&#8220; background_enable_color=&#8220;off&#8220; background_image=&#8220;https:\/\/iap-salcher.at\/wordpress\/wp-content\/uploads\/2025\/07\/tes2-4.png&#8220; min_height=&#8220;994px&#8220; custom_margin=&#8220;15px|auto|15px|auto|false|false&#8220; custom_padding=&#8220;32px|30px||30px|false|false&#8220; animation_style=&#8220;fade&#8220; border_radii=&#8220;on|15px|15px|15px|15px&#8220; border_width_all=&#8220;1px&#8220; border_color_all=&#8220;#000000&#8243; global_colors_info=&#8220;{}&#8220;][et_pb_column type=&#8220;4_4&#8243; _builder_version=&#8220;4.27.2&#8243; _module_preset=&#8220;default&#8220; global_colors_info=&#8220;{}&#8220;][et_pb_text _builder_version=&#8220;4.27.2&#8243; _module_preset=&#8220;default&#8220; text_text_color=&#8220;#FFFFFF&#8220; header_text_color=&#8220;#FFFFFF&#8220; background_enable_color=&#8220;off&#8220; text_orientation=&#8220;center&#8220; custom_padding=&#8220;10px||6px||false|false&#8220; border_color_all=&#8220;#FFFFFF&#8220; border_width_top=&#8220;2px&#8220; border_width_bottom=&#8220;2px&#8220; global_colors_info=&#8220;{}&#8220;]<\/p>\n<h2><span style=\"color: #ffffff;\">Automobilindustrie: Adapterdemontage<\/span><\/h2>\n<p>[\/et_pb_text][et_pb_text _builder_version=&#8220;4.27.2&#8243; _module_preset=&#8220;default&#8220; text_text_color=&#8220;#FFFFFF&#8220; custom_padding=&#8220;||0px|||&#8220; global_colors_info=&#8220;{}&#8220;]<\/p>\n<h3><span style=\"color: #ffffff;\">Projektbeschreibung:<\/span><\/h3>\n<p>Die verschiedenen Karosserien sind \u00fcber unterschiedliche Adaptertypen auf den Skids montiert. Nachdem die Karossen abgehoben werden, m\u00fcssen auch die Adapter entfernt werden.<\/p>\n<p><span>Erl\u00e4uterung:<\/span><span>\u00a0<\/span>Erkennen des Adaptertyps, Entnahme und Ablegen auf dem entsprechenden F\u00f6rderband und Weitertransport mittels pneumatischem Hubtisch und FU\u00b4s zum zweiten F\u00f6rderband (Pufferstrecke), sowie in weiterer Folge zum Lift. Automatische Bef\u00fcllung des Lifts in drei Lagen.<\/p>\n<h3><span style=\"color: #ffffff;\">IAS Projekt:<\/span><\/h3>\n<p>Umfang: Steuerung Simatic S7 mit ca. 300 I\/O`s, Visualisierung: MP 270<\/p>\n<ul>\n<li>Gesamtprojekt von der Erstellung des Pflichtenheftes mit dem Anlagenbauer.\n<\/li>\n<li>Planung der gesamen Hardware und Steuerschr\u00e4nke unter Ber\u00fccksichtigung der notwendigen Taktzeiten sowie der sicherheitsrelevanten Belange.\n<\/li>\n<li>Erstellung der Software\n<\/li>\n<li>Inbetriebnahme sowie Optimierung und Anbindung an das \u00fcberholte St\u00f6rmeldesystem des Kunden.<\/li>\n<\/ul>\n<ul><\/ul>\n<p>&nbsp;<\/p>\n<ul><\/ul>\n<ul><\/ul>\n<ul><\/ul>\n<ul><\/ul>\n<ul><\/ul>\n<p><span style=\"color: #ffffff;\">\u00a0<\/span><\/p>\n<ul><\/ul>\n<p>[\/et_pb_text][et_pb_image src=&#8220;https:\/\/iap-salcher.at\/wordpress\/wp-content\/uploads\/2025\/07\/Adapter_2_large-1.jpg&#8220; title_text=&#8220;Adapter_2_large&#8220; align=&#8220;center&#8220; _builder_version=&#8220;4.27.2&#8243; _module_preset=&#8220;default&#8220; global_colors_info=&#8220;{}&#8220;][\/et_pb_image][et_pb_button button_url=&#8220;mailto:office@ias-salcher.at&#8220; button_text=&#8220;Mehr Erfahren&#8220; button_alignment=&#8220;center&#8220; _builder_version=&#8220;4.27.2&#8243; _module_preset=&#8220;default&#8220; custom_button=&#8220;on&#8220; button_text_color=&#8220;#FFFFFF&#8220; button_border_radius=&#8220;11px&#8220; background_layout=&#8220;dark&#8220; global_colors_info=&#8220;{}&#8220;][\/et_pb_button][\/et_pb_column][\/et_pb_row][\/et_pb_section]<\/p>\n","protected":false},"excerpt":{"rendered":"<p>Automobilindustrie: AdapterdemontageProjektbeschreibung: Die verschiedenen Karosserien sind \u00fcber unterschiedliche Adaptertypen auf den Skids montiert. Nachdem die Karossen abgehoben werden, m\u00fcssen auch die Adapter entfernt werden. Erl\u00e4uterung:\u00a0Erkennen des Adaptertyps, Entnahme und Ablegen auf dem entsprechenden F\u00f6rderband und Weitertransport mittels pneumatischem Hubtisch und FU\u00b4s zum zweiten F\u00f6rderband (Pufferstrecke), sowie in weiterer Folge zum Lift. Automatische Bef\u00fcllung des Lifts [&hellip;]<\/p>\n","protected":false},"author":2,"featured_media":0,"parent":0,"menu_order":0,"comment_status":"closed","ping_status":"closed","template":"","meta":{"_et_pb_use_builder":"on","_et_pb_old_content":"","_et_gb_content_width":"","footnotes":""},"class_list":["post-1095","page","type-page","status-publish","hentry"],"_links":{"self":[{"href":"https:\/\/iap-salcher.at\/index.php\/wp-json\/wp\/v2\/pages\/1095","targetHints":{"allow":["GET"]}}],"collection":[{"href":"https:\/\/iap-salcher.at\/index.php\/wp-json\/wp\/v2\/pages"}],"about":[{"href":"https:\/\/iap-salcher.at\/index.php\/wp-json\/wp\/v2\/types\/page"}],"author":[{"embeddable":true,"href":"https:\/\/iap-salcher.at\/index.php\/wp-json\/wp\/v2\/users\/2"}],"replies":[{"embeddable":true,"href":"https:\/\/iap-salcher.at\/index.php\/wp-json\/wp\/v2\/comments?post=1095"}],"version-history":[{"count":4,"href":"https:\/\/iap-salcher.at\/index.php\/wp-json\/wp\/v2\/pages\/1095\/revisions"}],"predecessor-version":[{"id":1143,"href":"https:\/\/iap-salcher.at\/index.php\/wp-json\/wp\/v2\/pages\/1095\/revisions\/1143"}],"wp:attachment":[{"href":"https:\/\/iap-salcher.at\/index.php\/wp-json\/wp\/v2\/media?parent=1095"}],"curies":[{"name":"wp","href":"https:\/\/api.w.org\/{rel}","templated":true}]}}