{"id":1037,"date":"2025-07-16T15:26:04","date_gmt":"2025-07-16T15:26:04","guid":{"rendered":"https:\/\/iap-salcher.at\/wordpress\/?page_id=1037"},"modified":"2025-07-22T14:53:51","modified_gmt":"2025-07-22T14:53:51","slug":"software-programmierung","status":"publish","type":"page","link":"https:\/\/iap-salcher.at\/index.php\/software-programmierung\/","title":{"rendered":"Software Programmierung"},"content":{"rendered":"<p>[et_pb_section fb_built=&#8220;1&#8243; _builder_version=&#8220;4.27.4&#8243; _module_preset=&#8220;default&#8220; background_color=&#8220;#e2e2e2&#8243; background_image=&#8220;https:\/\/iap-salcher.at\/wordpress\/wp-content\/uploads\/2025\/07\/architecture-4421992_1920.jpg&#8220; custom_padding=&#8220;5px||5px||false|false&#8220; global_colors_info=&#8220;{}&#8220;][et_pb_row _builder_version=&#8220;4.27.2&#8243; _module_preset=&#8220;default&#8220; background_color=&#8220;#FFFFFF&#8220; background_image=&#8220;http:\/\/localhost\/wordpress\/wp-content\/uploads\/2025\/01\/tes.png&#8220; min_height=&#8220;994px&#8220; custom_margin=&#8220;15px|auto|15px|auto|false|false&#8220; custom_padding=&#8220;32px|30px||30px|false|false&#8220; animation_style=&#8220;fade&#8220; border_radii=&#8220;on|15px|15px|15px|15px&#8220; border_width_all=&#8220;1px&#8220; border_color_all=&#8220;#000000&#8243; global_colors_info=&#8220;{}&#8220;][et_pb_column type=&#8220;4_4&#8243; _builder_version=&#8220;4.27.2&#8243; _module_preset=&#8220;default&#8220; global_colors_info=&#8220;{}&#8220;][et_pb_text _builder_version=&#8220;4.27.4&#8243; _module_preset=&#8220;default&#8220; global_colors_info=&#8220;{}&#8220;]<\/p>\n<h2 style=\"text-align: center;\"><span>DAMIT IHR PROJEKT FAHRT AUFNIMMT. RASCH. ZIELGENAU. VERL\u00c4SSLICH.<\/span><\/h2>\n<p>[\/et_pb_text][et_pb_text _builder_version=&#8220;4.27.4&#8243; _module_preset=&#8220;default&#8220; text_text_color=&#8220;#FFFFFF&#8220; background_enable_color=&#8220;off&#8220; custom_padding=&#8220;10px||0px||false|false&#8220; border_width_top=&#8220;2px&#8220; border_width_bottom=&#8220;2px&#8220; global_colors_info=&#8220;{}&#8220;]<\/p>\n<h1 style=\"text-align: center;\"><strong>Visualisierungen &amp; Software Programmierung<\/strong><\/h1>\n<p>[\/et_pb_text][et_pb_text _builder_version=&#8220;4.27.2&#8243; _module_preset=&#8220;default&#8220; global_colors_info=&#8220;{}&#8220;]<\/p>\n<p data-start=\"271\" data-end=\"397\" class=\"\"><strong data-start=\"271\" data-end=\"397\">Wir liefern Visualisierungen &amp; Software-Programmierung in der Automatisierungstechnik \u2013 effizient, zuverl\u00e4ssig, passgenau.<\/strong><\/p>\n<p data-start=\"399\" data-end=\"494\" class=\"\">Sie suchen einen erfahrenen Partner f\u00fcr innovative Automatisierungsl\u00f6sungen?<br data-start=\"475\" data-end=\"478\" \/><strong data-start=\"478\" data-end=\"494\">Wir liefern.<\/strong><\/p>\n<p data-start=\"496\" data-end=\"690\" class=\"\">Mit unserem Know-how in <strong data-start=\"520\" data-end=\"540\">Visualisierungen<\/strong> und <strong data-start=\"545\" data-end=\"586\">individueller Software-Programmierung<\/strong> sorgen wir f\u00fcr transparente Prozesse, intuitive Bedienbarkeit und maximale Effizienz in Ihrer Anlage.<\/p>\n<p data-start=\"692\" data-end=\"1084\" class=\"\">Unser Dienstleistungsportfolio im \u00dcberblick:<\/p>\n<ul>\n<li data-start=\"692\" data-end=\"1084\">SPS-Programmierung<\/li>\n<li data-start=\"692\" data-end=\"1084\">Bedienerfreundliche Visualisierungen<\/li>\n<li data-start=\"692\" data-end=\"1084\">Systemintegration<\/li>\n<li data-start=\"692\" data-end=\"1084\">Fehlersuche &amp; Wartung<\/li>\n<li data-start=\"692\" data-end=\"1084\">Factory Acceptance Test &amp; Site Acceptance Test &amp; Inbetriebnahme<\/li>\n<li data-start=\"692\" data-end=\"1084\">Optimierung &amp; Prozessverbesserung<\/li>\n<li data-start=\"692\" data-end=\"1084\">Dokumentation<\/li>\n<li data-start=\"692\" data-end=\"1084\">Sicherheitsnormen<\/li>\n<\/ul>\n<p data-start=\"692\" data-end=\"1084\" class=\"\">\n<p>[\/et_pb_text][et_pb_image src=&#8220;https:\/\/iap-salcher.at\/wordpress\/wp-content\/uploads\/2025\/07\/K9SF8847.jpg&#8220; title_text=&#8220;K9SF8847&#8243; align=&#8220;center&#8220; _builder_version=&#8220;4.27.4&#8243; _module_preset=&#8220;default&#8220; hover_enabled=&#8220;0&#8243; box_shadow_style=&#8220;preset1&#8243; global_colors_info=&#8220;{}&#8220; sticky_enabled=&#8220;0&#8243;][\/et_pb_image][\/et_pb_column][\/et_pb_row][\/et_pb_section]<\/p>\n","protected":false},"excerpt":{"rendered":"<p>DAMIT IHR PROJEKT FAHRT AUFNIMMT. RASCH. ZIELGENAU. VERL\u00c4SSLICH.Visualisierungen &amp; Software ProgrammierungWir liefern Visualisierungen &amp; Software-Programmierung in der Automatisierungstechnik \u2013 effizient, zuverl\u00e4ssig, passgenau. Sie suchen einen erfahrenen Partner f\u00fcr innovative Automatisierungsl\u00f6sungen?Wir liefern. Mit unserem Know-how in Visualisierungen und individueller Software-Programmierung sorgen wir f\u00fcr transparente Prozesse, intuitive Bedienbarkeit und maximale Effizienz in Ihrer Anlage. Unser Dienstleistungsportfolio im [&hellip;]<\/p>\n","protected":false},"author":2,"featured_media":0,"parent":0,"menu_order":0,"comment_status":"closed","ping_status":"closed","template":"","meta":{"_et_pb_use_builder":"on","_et_pb_old_content":"","_et_gb_content_width":"","footnotes":""},"class_list":["post-1037","page","type-page","status-publish","hentry"],"_links":{"self":[{"href":"https:\/\/iap-salcher.at\/index.php\/wp-json\/wp\/v2\/pages\/1037","targetHints":{"allow":["GET"]}}],"collection":[{"href":"https:\/\/iap-salcher.at\/index.php\/wp-json\/wp\/v2\/pages"}],"about":[{"href":"https:\/\/iap-salcher.at\/index.php\/wp-json\/wp\/v2\/types\/page"}],"author":[{"embeddable":true,"href":"https:\/\/iap-salcher.at\/index.php\/wp-json\/wp\/v2\/users\/2"}],"replies":[{"embeddable":true,"href":"https:\/\/iap-salcher.at\/index.php\/wp-json\/wp\/v2\/comments?post=1037"}],"version-history":[{"count":4,"href":"https:\/\/iap-salcher.at\/index.php\/wp-json\/wp\/v2\/pages\/1037\/revisions"}],"predecessor-version":[{"id":1165,"href":"https:\/\/iap-salcher.at\/index.php\/wp-json\/wp\/v2\/pages\/1037\/revisions\/1165"}],"wp:attachment":[{"href":"https:\/\/iap-salcher.at\/index.php\/wp-json\/wp\/v2\/media?parent=1037"}],"curies":[{"name":"wp","href":"https:\/\/api.w.org\/{rel}","templated":true}]}}