{"id":1027,"date":"2025-07-16T15:23:32","date_gmt":"2025-07-16T15:23:32","guid":{"rendered":"https:\/\/iap-salcher.at\/wordpress\/?page_id=1027"},"modified":"2025-07-22T14:46:02","modified_gmt":"2025-07-22T14:46:02","slug":"projektmanagement","status":"publish","type":"page","link":"https:\/\/iap-salcher.at\/index.php\/projektmanagement\/","title":{"rendered":"Projektmanagement"},"content":{"rendered":"<p>[et_pb_section fb_built=&#8220;1&#8243; _builder_version=&#8220;4.27.4&#8243; _module_preset=&#8220;default&#8220; background_enable_color=&#8220;off&#8220; background_image=&#8220;https:\/\/iap-salcher.at\/wordpress\/wp-content\/uploads\/2025\/07\/architecture-4421992_1920.jpg&#8220; custom_padding=&#8220;5px||5px||false|false&#8220; hover_enabled=&#8220;0&#8243; global_colors_info=&#8220;{}&#8220; title_text=&#8220;architecture-4421992_1920&#8243; sticky_enabled=&#8220;0&#8243;][et_pb_row _builder_version=&#8220;4.27.4&#8243; _module_preset=&#8220;default&#8220; background_enable_color=&#8220;off&#8220; background_image=&#8220;https:\/\/iap-salcher.at\/wordpress\/wp-content\/uploads\/2025\/07\/tes2-4.png&#8220; min_height=&#8220;994px&#8220; custom_margin=&#8220;15px|auto|15px|auto|false|false&#8220; custom_padding=&#8220;32px|30px||30px|false|false&#8220; animation_style=&#8220;fade&#8220; hover_enabled=&#8220;0&#8243; border_radii=&#8220;on|15px|15px|15px|15px&#8220; border_width_all=&#8220;1px&#8220; border_color_all=&#8220;#000000&#8243; global_colors_info=&#8220;{}&#8220; title_text=&#8220;tes2-4&#8243; sticky_enabled=&#8220;0&#8243;][et_pb_column type=&#8220;4_4&#8243; _builder_version=&#8220;4.27.2&#8243; _module_preset=&#8220;default&#8220; global_colors_info=&#8220;{}&#8220;][et_pb_text _builder_version=&#8220;4.27.2&#8243; _module_preset=&#8220;default&#8220; text_text_color=&#8220;#FFFFFF&#8220; header_text_color=&#8220;#FFFFFF&#8220; background_enable_color=&#8220;off&#8220; text_orientation=&#8220;center&#8220; custom_padding=&#8220;10px||6px||false|false&#8220; border_color_all=&#8220;#FFFFFF&#8220; border_width_top=&#8220;2px&#8220; border_width_bottom=&#8220;2px&#8220; global_colors_info=&#8220;{}&#8220;]<\/p>\n<h2><span style=\"color: #ffffff;\">Projektmanagement<\/span><\/h2>\n<p>[\/et_pb_text][et_pb_text _builder_version=&#8220;4.27.2&#8243; _module_preset=&#8220;default&#8220; text_text_color=&#8220;#FFFFFF&#8220; custom_padding=&#8220;||0px|||&#8220; global_colors_info=&#8220;{}&#8220;]<\/p>\n<p data-start=\"199\" data-end=\"312\" class=\"\"><strong data-start=\"199\" data-end=\"312\">Wir liefern Projektmanagement in der Automatisierungstechnik \u2013 strukturiert, terminsicher, l\u00f6sungsorientiert.<\/strong><\/p>\n<p data-start=\"314\" data-end=\"450\" class=\"\">Komplexe Projekte brauchen klare Strukturen, transparente Kommunikation und einen verl\u00e4sslichen Partner an der Seite.<br data-start=\"431\" data-end=\"434\" \/><strong data-start=\"434\" data-end=\"450\">Wir liefern.<\/strong><\/p>\n<p data-start=\"452\" data-end=\"671\" class=\"\">Mit unserer langj\u00e4hrigen Erfahrung im Projektmanagement sorgen wir daf\u00fcr, dass Ihre Automatisierungsprojekte effizient geplant, koordiniert und erfolgreich umgesetzt werden \u2013 von der ersten Idee bis zur finalen Abnahme.<\/p>\n<p>Unsere Leistungen im Projektmanagement:<\/p>\n<ul>\n<li data-start=\"673\" data-end=\"1049\">Projektplanung &amp; -steuerung \u00fcber alle Phasen hinweg<\/li>\n<li data-start=\"673\" data-end=\"1049\">Schnittstellenkoordination zwischen Mechanik, Elektrik &amp; Software<\/li>\n<li data-start=\"673\" data-end=\"1049\">Termin- und Ressourcenmanagement<\/li>\n<li data-start=\"673\" data-end=\"1049\">Risikomanagement und Qualit\u00e4tssicherung<\/li>\n<li data-start=\"673\" data-end=\"1049\">Kommunikation mit Kunden, Lieferanten und internen Teams<\/li>\n<li data-start=\"673\" data-end=\"1049\">Dokumentation und Nachverfolgung nach Industriestandards<\/li>\n<\/ul>\n<p data-start=\"1051\" data-end=\"1222\" class=\"\">Wir denken mit, steuern vorausschauend und handeln l\u00f6sungsorientiert \u2013 damit Ihre Projekte sicher ans Ziel kommen.<br data-start=\"1165\" data-end=\"1168\" \/><strong data-start=\"1168\" data-end=\"1222\">Wir liefern Verantwortung. Wir liefern Ergebnisse.<\/strong><\/p>\n<ul><\/ul>\n<ul><\/ul>\n<ul><\/ul>\n<p>[\/et_pb_text][et_pb_image src=&#8220;https:\/\/iap-salcher.at\/wordpress\/wp-content\/uploads\/2025\/07\/Simon-Fortmueller-5-1-scaled.jpg&#8220; title_text=&#8220;Simon Fortmu\u0308ller-5&#8243; align=&#8220;center&#8220; _builder_version=&#8220;4.27.4&#8243; _module_preset=&#8220;default&#8220; global_colors_info=&#8220;{}&#8220;][\/et_pb_image][\/et_pb_column][\/et_pb_row][\/et_pb_section]<\/p>\n","protected":false},"excerpt":{"rendered":"<p>ProjektmanagementWir liefern Projektmanagement in der Automatisierungstechnik \u2013 strukturiert, terminsicher, l\u00f6sungsorientiert. Komplexe Projekte brauchen klare Strukturen, transparente Kommunikation und einen verl\u00e4sslichen Partner an der Seite.Wir liefern. Mit unserer langj\u00e4hrigen Erfahrung im Projektmanagement sorgen wir daf\u00fcr, dass Ihre Automatisierungsprojekte effizient geplant, koordiniert und erfolgreich umgesetzt werden \u2013 von der ersten Idee bis zur finalen Abnahme. Unsere Leistungen [&hellip;]<\/p>\n","protected":false},"author":2,"featured_media":0,"parent":0,"menu_order":0,"comment_status":"closed","ping_status":"closed","template":"","meta":{"_et_pb_use_builder":"on","_et_pb_old_content":"","_et_gb_content_width":"","footnotes":""},"class_list":["post-1027","page","type-page","status-publish","hentry"],"_links":{"self":[{"href":"https:\/\/iap-salcher.at\/index.php\/wp-json\/wp\/v2\/pages\/1027","targetHints":{"allow":["GET"]}}],"collection":[{"href":"https:\/\/iap-salcher.at\/index.php\/wp-json\/wp\/v2\/pages"}],"about":[{"href":"https:\/\/iap-salcher.at\/index.php\/wp-json\/wp\/v2\/types\/page"}],"author":[{"embeddable":true,"href":"https:\/\/iap-salcher.at\/index.php\/wp-json\/wp\/v2\/users\/2"}],"replies":[{"embeddable":true,"href":"https:\/\/iap-salcher.at\/index.php\/wp-json\/wp\/v2\/comments?post=1027"}],"version-history":[{"count":3,"href":"https:\/\/iap-salcher.at\/index.php\/wp-json\/wp\/v2\/pages\/1027\/revisions"}],"predecessor-version":[{"id":1161,"href":"https:\/\/iap-salcher.at\/index.php\/wp-json\/wp\/v2\/pages\/1027\/revisions\/1161"}],"wp:attachment":[{"href":"https:\/\/iap-salcher.at\/index.php\/wp-json\/wp\/v2\/media?parent=1027"}],"curies":[{"name":"wp","href":"https:\/\/api.w.org\/{rel}","templated":true}]}}